{"id":152,"date":"2016-03-17T08:00:29","date_gmt":"2016-03-17T08:00:29","guid":{"rendered":"http:\/\/grundschule-suenna.de\/?page_id=152"},"modified":"2023-07-07T05:55:01","modified_gmt":"2023-07-07T05:55:01","slug":"einschulung","status":"publish","type":"page","link":"https:\/\/grundschule-suenna.de\/?page_id=152","title":{"rendered":"Einschulung"},"content":{"rendered":"<h3>Leistungsbeschreibung<\/h3>\n<p>Alle Kinder, die bis einschlie\u00dflich 1. August eines Jahres sechs Jahre alt sind, werden mit dem 1. August desselben Jahres schulpflichtig. Ein j\u00fcngeres Kind kann auf Antrag der Eltern vorzeitig in die Schule aufgenommen werden. Die Entscheidung trifft die Schulleiterin oder der Schulleiter in Abstimmung mit dem Schularzt.<\/p>\n<p>W\u00fcnschen Eltern aus wichtigen Gr\u00fcnden den Besuch einer anderen Grundschule, muss bei der zust\u00e4ndigen Grundschule ein Antrag eingereicht werden. Unabh\u00e4ngig davon erfolgt zun\u00e4chst die Anmeldung der Sch\u00fclerin bzw. des Sch\u00fclers an der f\u00fcr den Wohnbezirk zust\u00e4ndigen Grundschule.<\/p>\n<p>Informieren Sie sich auch \u00fcber die Einschulungsuntersuchung.<\/p>\n<h3>An wen muss ich mich wenden?<\/h3>\n<p>An die jeweilige Grundschule Ihres Schulbezirks.<\/p>\n<h3>Welche Unterlagen werden ben\u00f6tigt?<\/h3>\n<p>Bei der Anmeldung ist u.a. die Kopie der Geburtsurkunde vorzulegen.<\/p>\n<h3>Welche Fristen muss ich beachten?<\/h3>\n<p>Ende April des Vorjahres zur Einschulung gibt der Schulleiter Ort und Zeit der Anmeldung zum Schulbesuch bekannt.<\/p>\n<p>&nbsp;<\/p>\n","protected":false},"excerpt":{"rendered":"<p>Leistungsbeschreibung Alle Kinder, die bis einschlie\u00dflich 1. August eines Jahres sechs Jahre alt sind, werden mit dem 1. August desselben Jahres schulpflichtig. Ein j\u00fcngeres Kind kann auf Antrag der Eltern vorzeitig in die Schule aufgenommen werden. Die Entscheidung trifft die &hellip; <a class=\"more-link\" href=\"https:\/\/grundschule-suenna.de\/?page_id=152\">Weiterlesen <span class=\"meta-nav\">&rarr;<\/span><\/a><\/p>\n","protected":false},"author":2,"featured_media":0,"parent":142,"menu_order":5,"comment_status":"closed","ping_status":"closed","template":"","meta":[],"_links":{"self":[{"href":"https:\/\/grundschule-suenna.de\/index.php?rest_route=\/wp\/v2\/pages\/152"}],"collection":[{"href":"https:\/\/grundschule-suenna.de\/index.php?rest_route=\/wp\/v2\/pages"}],"about":[{"href":"https:\/\/grundschule-suenna.de\/index.php?rest_route=\/wp\/v2\/types\/page"}],"author":[{"embeddable":true,"href":"https:\/\/grundschule-suenna.de\/index.php?rest_route=\/wp\/v2\/users\/2"}],"replies":[{"embeddable":true,"href":"https:\/\/grundschule-suenna.de\/index.php?rest_route=%2Fwp%2Fv2%2Fcomments&post=152"}],"version-history":[{"count":5,"href":"https:\/\/grundschule-suenna.de\/index.php?rest_route=\/wp\/v2\/pages\/152\/revisions"}],"predecessor-version":[{"id":2451,"href":"https:\/\/grundschule-suenna.de\/index.php?rest_route=\/wp\/v2\/pages\/152\/revisions\/2451"}],"up":[{"embeddable":true,"href":"https:\/\/grundschule-suenna.de\/index.php?rest_route=\/wp\/v2\/pages\/142"}],"wp:attachment":[{"href":"https:\/\/grundschule-suenna.de\/index.php?rest_route=%2Fwp%2Fv2%2Fmedia&parent=152"}],"curies":[{"name":"wp","href":"https:\/\/api.w.org\/{rel}","templated":true}]}}