{"id":154,"date":"2016-03-17T08:00:55","date_gmt":"2016-03-17T08:00:55","guid":{"rendered":"http:\/\/grundschule-suenna.de\/?page_id=154"},"modified":"2022-12-15T07:07:19","modified_gmt":"2022-12-15T07:07:19","slug":"schullaufbahn","status":"publish","type":"page","link":"https:\/\/grundschule-suenna.de\/?page_id=154","title":{"rendered":"Schullaufbahn"},"content":{"rendered":"<p>Gegen Ende des erfolgreichen Besuchs der Klassenstufe 4 der Grundschule steht f\u00fcr alle Th\u00fcringer Schulkinder bzw. deren Eltern die Frage nach der richtigen Entscheidung \u00fcber die weitere Schullaufbahn. Die Eltern werden rechtzeitig in Elternversammlungen umfassend \u00fcber die m\u00f6glichen weiterf\u00fchrenden Schullaufbahnen informiert und von den Grundschulp\u00e4dagogen in individuellen Gespr\u00e4chen beraten. Dieser Beratung werden insbesondere die erzielten Fachnoten und die Bemerkungen zur Lernentwicklung des Schulkindes zu Grunde gelegt.<\/p>\n<p><strong>Aufnahme an das Gymnasium &#8211; geregelt in der Th\u00fcringer Schulordnung \u00a7 124 &#8211; \u00a7 134<br \/>\n<\/strong><\/p>\n<div id=\"cc-m-12468898723\"><\/div>\n<p>&nbsp;<\/p>\n<p>&nbsp;<\/p>\n<p>&nbsp;<\/p>\n","protected":false},"excerpt":{"rendered":"<p>Gegen Ende des erfolgreichen Besuchs der Klassenstufe 4 der Grundschule steht f\u00fcr alle Th\u00fcringer Schulkinder bzw. deren Eltern die Frage nach der richtigen Entscheidung \u00fcber die weitere Schullaufbahn. Die Eltern werden rechtzeitig in Elternversammlungen umfassend \u00fcber die m\u00f6glichen weiterf\u00fchrenden Schullaufbahnen &hellip; <a class=\"more-link\" href=\"https:\/\/grundschule-suenna.de\/?page_id=154\">Weiterlesen <span class=\"meta-nav\">&rarr;<\/span><\/a><\/p>\n","protected":false},"author":2,"featured_media":0,"parent":142,"menu_order":6,"comment_status":"closed","ping_status":"closed","template":"","meta":[],"_links":{"self":[{"href":"https:\/\/grundschule-suenna.de\/index.php?rest_route=\/wp\/v2\/pages\/154"}],"collection":[{"href":"https:\/\/grundschule-suenna.de\/index.php?rest_route=\/wp\/v2\/pages"}],"about":[{"href":"https:\/\/grundschule-suenna.de\/index.php?rest_route=\/wp\/v2\/types\/page"}],"author":[{"embeddable":true,"href":"https:\/\/grundschule-suenna.de\/index.php?rest_route=\/wp\/v2\/users\/2"}],"replies":[{"embeddable":true,"href":"https:\/\/grundschule-suenna.de\/index.php?rest_route=%2Fwp%2Fv2%2Fcomments&post=154"}],"version-history":[{"count":11,"href":"https:\/\/grundschule-suenna.de\/index.php?rest_route=\/wp\/v2\/pages\/154\/revisions"}],"predecessor-version":[{"id":2218,"href":"https:\/\/grundschule-suenna.de\/index.php?rest_route=\/wp\/v2\/pages\/154\/revisions\/2218"}],"up":[{"embeddable":true,"href":"https:\/\/grundschule-suenna.de\/index.php?rest_route=\/wp\/v2\/pages\/142"}],"wp:attachment":[{"href":"https:\/\/grundschule-suenna.de\/index.php?rest_route=%2Fwp%2Fv2%2Fmedia&parent=154"}],"curies":[{"name":"wp","href":"https:\/\/api.w.org\/{rel}","templated":true}]}}