{"id":174,"date":"2016-03-17T08:05:33","date_gmt":"2016-03-17T08:05:33","guid":{"rendered":"http:\/\/grundschule-suenna.de\/?page_id=174"},"modified":"2024-11-21T06:05:17","modified_gmt":"2024-11-21T06:05:17","slug":"formulare-und-downloads","status":"publish","type":"page","link":"https:\/\/grundschule-suenna.de\/?page_id=174","title":{"rendered":"Formulare"},"content":{"rendered":"<div id=\"cc-m-11575248223\">\n<p><strong><a href=\"https:\/\/grundschule-suenna.de\/wp-content\/uploads\/2023\/08\/ES_Beurlaubung_Unterricht_2023.pdf\">ES_Beurlaubung_Unterricht_2023<\/a><\/strong><\/p>\n<p>Achtung! Dies ist ein digital beschreibbares Dokument. Sollte sich die Datei auf Ihrem Smartphone nicht korrekt \u00f6ffnen lassen, dann probieren Sie es bitte zun\u00e4chst \u00fcber einen station\u00e4ren Rechner. Sollte auch dieser Weg nicht funktionieren, finden sie das Formular ebenfalls auf der Internetseite des Schulamtes Westth\u00fcringen (https:\/\/schulamt.thueringen.de\/west) unter dem Reiter das Schulamt &#8211; Formulare &#8211; Sch\u00fclerinnen&amp; Sch\u00fcler, Eltern.<\/p>\n<table style=\"width: 12.8137%; border-style: none; height: 30px;\" border=\"0\">\n<tbody>\n<tr>\n<td style=\"width: 389.417px; border-style: none; vertical-align: top;\"><\/td>\n<td style=\"width: 322.583px; border-style: none; vertical-align: top;\"><\/td>\n<\/tr>\n<\/tbody>\n<\/table>\n<p><a href=\"http:\/\/landesrecht.thueringen.de\/jportal\/?quelle=jlink&amp;query=SchulO+TH&amp;psml=bsthueprod.psml&amp;max=true\"><strong>Th\u00fcringer Schulordnung<\/strong><\/a><\/p>\n<p><a href=\"http:\/\/landesrecht.thueringen.de\/jportal\/?quelle=jlink&amp;query=SchulG+TH&amp;psml=bsthueprod.psml&amp;max=true&amp;aiz=true\"><strong>Th\u00fcringer Schulgesetz<\/strong><\/a><\/p>\n<\/div>\n<div id=\"cc-m-11575259823\">\n<p><strong><a href=\"http:\/\/www.schulportal-thueringen.de\/lehrplaene\">Th\u00fcringer Lehrpl\u00e4ne<\/a><\/strong><\/p>\n<\/div>\n<p><strong><a href=\"http:\/\/www.schulportal-thueringen.de\/kinderschutz\">Kinderschutz<\/a><\/strong><\/p>\n<p><a href=\"https:\/\/grundschule-suenna.de\/wp-content\/uploads\/2024\/11\/Einwilligung-zur-Schweigepflichtentbindung-GS.doc\"><strong>Einwilligung zur Schweigepflichtentbindung GS<\/strong><\/a><\/p>\n","protected":false},"excerpt":{"rendered":"<p>ES_Beurlaubung_Unterricht_2023 Achtung! Dies ist ein digital beschreibbares Dokument. Sollte sich die Datei auf Ihrem Smartphone nicht korrekt \u00f6ffnen lassen, dann probieren Sie es bitte zun\u00e4chst \u00fcber einen station\u00e4ren Rechner. Sollte auch dieser Weg nicht funktionieren, finden sie das Formular ebenfalls &hellip; <a class=\"more-link\" href=\"https:\/\/grundschule-suenna.de\/?page_id=174\">Weiterlesen <span class=\"meta-nav\">&rarr;<\/span><\/a><\/p>\n","protected":false},"author":2,"featured_media":0,"parent":0,"menu_order":8,"comment_status":"closed","ping_status":"closed","template":"","meta":[],"_links":{"self":[{"href":"https:\/\/grundschule-suenna.de\/index.php?rest_route=\/wp\/v2\/pages\/174"}],"collection":[{"href":"https:\/\/grundschule-suenna.de\/index.php?rest_route=\/wp\/v2\/pages"}],"about":[{"href":"https:\/\/grundschule-suenna.de\/index.php?rest_route=\/wp\/v2\/types\/page"}],"author":[{"embeddable":true,"href":"https:\/\/grundschule-suenna.de\/index.php?rest_route=\/wp\/v2\/users\/2"}],"replies":[{"embeddable":true,"href":"https:\/\/grundschule-suenna.de\/index.php?rest_route=%2Fwp%2Fv2%2Fcomments&post=174"}],"version-history":[{"count":29,"href":"https:\/\/grundschule-suenna.de\/index.php?rest_route=\/wp\/v2\/pages\/174\/revisions"}],"predecessor-version":[{"id":2773,"href":"https:\/\/grundschule-suenna.de\/index.php?rest_route=\/wp\/v2\/pages\/174\/revisions\/2773"}],"wp:attachment":[{"href":"https:\/\/grundschule-suenna.de\/index.php?rest_route=%2Fwp%2Fv2%2Fmedia&parent=174"}],"curies":[{"name":"wp","href":"https:\/\/api.w.org\/{rel}","templated":true}]}}