{"id":19,"date":"2014-10-27T18:19:39","date_gmt":"2014-10-27T18:19:39","guid":{"rendered":"http:\/\/grundschule-suenna.de\/?page_id=19"},"modified":"2021-01-12T06:12:24","modified_gmt":"2021-01-12T06:12:24","slug":"impressum","status":"publish","type":"page","link":"https:\/\/grundschule-suenna.de\/?page_id=19","title":{"rendered":"Impressum"},"content":{"rendered":"<h4><strong><span style=\"text-decoration: underline;\">Technische Betreuung dieser Seiten &#8211; Webmaster<\/span><\/strong><\/h4>\n<blockquote><p>EDV-Beratung Uwe Borger<br \/>\nEmail: info@borger-edv.de<\/p><\/blockquote>\n<h4><strong><span style=\"text-decoration: underline;\">Verantwortung f\u00fcr den Inhalt dieser Seiten<\/span><\/strong><\/h4>\n<blockquote><p>Annelie Denner<br \/>\nStaatliche Grundschule S\u00fcnna<br \/>\nPferdsdorfer Str. 4<br \/>\n36414 Unterbreizbach<\/p>\n<p>Telefon: 036962\/24833<br \/>\nTelefax: 036962\/51773<br \/>\nEmail: gs.suenna@schulen-wak.de<\/p><\/blockquote>\n<p><span style=\"text-decoration: underline;\"><strong>Gew\u00e4hrleistungsausschluss<\/strong><\/span><\/p>\n<p style=\"padding-bottom: 6px;\">Die Inhalte dieser Seiten werden sorgf\u00e4ltig gepr\u00fcft. Trotzdem kann keine Haftung f\u00fcr die Richtigkeit, Vollst\u00e4ndigkeit oder Aktualit\u00e4t der publizierten Informationen \u00fcbernommen werden.<\/p>\n<h4><span style=\"text-decoration: underline;\"><strong>Bedeutung von Links und Inhalten<\/strong><\/span><\/h4>\n<p style=\"padding-bottom: 6px;\">Die Autoren erkl\u00e4ren hiermit ausdr\u00fccklich, dass zum Zeitpunkt von Linksetzungen den Autoren keine illegalen Inhalte auf den zu verlinkenden Seiten erkennbar waren.<\/p>\n<p>Auf die aktuelle und zuk\u00fcnftige Gestaltung, die Inhalte oder die Urheberschaft der verlinkten \/ verkn\u00fcpften Seiten haben die Autoren keinerlei Einfluss und k\u00f6nnen diese unm\u00f6glich \u00fcberwachen.<\/p>\n<p>Deshalb distanziert er sich hiermit ausdr\u00fccklich von s\u00e4mtlichen Inhalten aller verlinkten \/ verkn\u00fcpften Seiten.<\/p>\n<p>Diese Feststellung gilt f\u00fcr alle innerhalb des eigenen Internetangebotes gesetzten Links und Verweise sowie f\u00fcr Fremdeintr\u00e4ge in vom Autor eingerichteten G\u00e4steb\u00fcchern, Diskussionsforen und Kommentaren.<\/p>\n<p>F\u00fcr illegale, fehlerhafte oder unvollst\u00e4ndige Inhalte und insbesondere f\u00fcr Sch\u00e4den, die aus der Nutzung oder Nichtnutzung solcherart dargebotener Informationen entstehen, haftet allein der Anbieter der Seite, auf welche verwiesen wurde, nicht derjenige, der \u00fcber Links auf die jeweilige Ver\u00f6ffentlichung lediglich verweist.<\/p>\n<h4><span style=\"text-decoration: underline;\"><strong>Rechtliche Hinweise<\/strong><\/span><\/h4>\n<p>Alle Teile dieser Pr\u00e4sentation, insbesondere Logo, Fotos und Texte sind urheberrechtlich gesch\u00fctzt. Jegliche Verwertung von Inhalten dieser Seite, auch nur auszugsweise, bed\u00fcrfen der schriftlichen Zustimmung des Dienstanbieters.<\/p>\n<h4><span style=\"text-decoration: underline;\"><strong>Datenschutzerkl\u00e4rung<\/strong><\/span><\/h4>\n<p style=\"padding-bottom: 6px;\">Sie k\u00f6nnen im Regelfall diese Internetseiten aufrufen, ohne irgendwelche Angaben \u00fcber Ihre Person zu machen. Werden im Einzelfall pers\u00f6nliche Daten eingeben, so werden wir nach den strengen Regelungen des Bundesdatenschutzgesetzes (BDSG) sorgf\u00e4ltig damit umgehen. Wenn Sie uns auffordern, diese Daten nicht mehr zu verwenden und\/oder zu l\u00f6schen, so werden wir entsprechend verfahren.<\/p>\n<p style=\"text-align: justify;\">Die genauen Bestimmungen und Verpflichtungen zum Schutz von personenbezogenen Daten finden Sie in unserer separaten <a href=\"https:\/\/grundschule-suenna.de\/?page_id=1173\">Datenschutzerkl\u00e4rung (==&gt; Bitte hier klicken!)<\/a><\/p>\n","protected":false},"excerpt":{"rendered":"<p>Technische Betreuung dieser Seiten &#8211; Webmaster EDV-Beratung Uwe Borger Email: info@borger-edv.de Verantwortung f\u00fcr den Inhalt dieser Seiten Annelie Denner Staatliche Grundschule S\u00fcnna Pferdsdorfer Str. 4 36414 Unterbreizbach Telefon: 036962\/24833 Telefax: 036962\/51773 Email: gs.suenna@schulen-wak.de Gew\u00e4hrleistungsausschluss Die Inhalte dieser Seiten werden sorgf\u00e4ltig &hellip; <a class=\"more-link\" href=\"https:\/\/grundschule-suenna.de\/?page_id=19\">Weiterlesen <span class=\"meta-nav\">&rarr;<\/span><\/a><\/p>\n","protected":false},"author":1,"featured_media":0,"parent":0,"menu_order":20,"comment_status":"closed","ping_status":"closed","template":"","meta":[],"_links":{"self":[{"href":"https:\/\/grundschule-suenna.de\/index.php?rest_route=\/wp\/v2\/pages\/19"}],"collection":[{"href":"https:\/\/grundschule-suenna.de\/index.php?rest_route=\/wp\/v2\/pages"}],"about":[{"href":"https:\/\/grundschule-suenna.de\/index.php?rest_route=\/wp\/v2\/types\/page"}],"author":[{"embeddable":true,"href":"https:\/\/grundschule-suenna.de\/index.php?rest_route=\/wp\/v2\/users\/1"}],"replies":[{"embeddable":true,"href":"https:\/\/grundschule-suenna.de\/index.php?rest_route=%2Fwp%2Fv2%2Fcomments&post=19"}],"version-history":[{"count":28,"href":"https:\/\/grundschule-suenna.de\/index.php?rest_route=\/wp\/v2\/pages\/19\/revisions"}],"predecessor-version":[{"id":1720,"href":"https:\/\/grundschule-suenna.de\/index.php?rest_route=\/wp\/v2\/pages\/19\/revisions\/1720"}],"wp:attachment":[{"href":"https:\/\/grundschule-suenna.de\/index.php?rest_route=%2Fwp%2Fv2%2Fmedia&parent=19"}],"curies":[{"name":"wp","href":"https:\/\/api.w.org\/{rel}","templated":true}]}}