{"id":2,"date":"2013-11-30T12:08:48","date_gmt":"2013-11-30T12:08:48","guid":{"rendered":"http:\/\/localhost\/wordpress-3.7\/wordpress\/?page_id=2"},"modified":"2026-04-01T12:28:05","modified_gmt":"2026-04-01T12:28:05","slug":"sample-page","status":"publish","type":"page","link":"https:\/\/grundschule-suenna.de\/","title":{"rendered":"Startseite"},"content":{"rendered":"<h3 style=\"text-align: center; color: #28613d;\"><span style=\"color: #800000;\">Herzlich Willkommen auf den Internetseiten der Grundschule S\u00fcnna<\/span><\/h3>\n<h1>Speiseplan Juni 2026<\/h1>\n<h3>01.04.2026<\/h3>\n<h4><strong>Liebe Eltern der Grundschule S\u00fcnna,<\/strong><\/h4>\n<p>heute erhalten Sie den Speiseplan f\u00fcr den Monat Juni 2026 in digitaler Form. Die pdf-Datei ist digital beschreibbar, so dass Sie den Plan am Rechner o. \u00e4. ausf\u00fcllen und wieder digital zur\u00fccksenden k\u00f6nnen. Nat\u00fcrlich k\u00f6nnen Sie diesen auch wieder ausdrucken, ausf\u00fcllen und faxen oder bei der Gemeinde abgeben. Die Essenmeldungen gehen nicht mehr an die Schule!!! Es gibt auch die M\u00f6glichkeit einer \u201eDaueranmeldung\u201c. Das entsprechende beschreibbare Formular finden Sie im Link.<\/p>\n<p>per E-Mail:\u00a0\u00a0\u00a0\u00a0\u00a0\u00a0\u00a0\u00a0\u00a0<u><a href=\"mailto:info@unterbreizbach.de\">info@unterbreizbach.de<\/a><\/u><\/p>\n<p>per Fax:\u00a0\u00a0\u00a0\u00a0\u00a0\u00a0\u00a0\u00a0\u00a0\u00a0\u00a0\u00a0 036962\/51220<\/p>\n<p>in Postkasten der Gemeinde \u2013 Heinrich-Heine-Str. 3<\/p>\n<p>Bitte beachten Sie auch hier sehr sorgf\u00e4ltig den gesetzten Termin zur\u00a0<strong>Abgabe.<\/strong><\/p>\n<p><a href=\"https:\/\/grundschule-suenna.de\/wp-content\/uploads\/2026\/04\/Speiseplan-Grundschueler-Juni-2026.pdf\"><span style=\"color: #99cc00;\"><strong>Speiseplan Grundsch\u00fcler &#8211; Juni 2026<\/strong><\/span><\/a><\/p>\n<p><strong><a href=\"https:\/\/grundschule-suenna.de\/wp-content\/uploads\/2025\/06\/Daueranmeldung-GS-Suenna-1.pdf\"><span style=\"color: #99cc00;\">Daueranmeldung<\/span> <span style=\"color: #99cc00;\">GS S\u00fcnna<\/span><\/a><\/strong><\/p>\n<p>Mit freundlichen Gr\u00fc\u00dfen<br \/>\nC. Adler<\/p>\n<hr \/>\n<h1>Speiseplan Mai 2026<\/h1>\n<h3>23.03.2026<\/h3>\n<h4><strong>Liebe Eltern der Grundschule S\u00fcnna,<\/strong><\/h4>\n<p>heute erhalten Sie den Speiseplan f\u00fcr den Monat Mai 2026 in digitaler Form. Die pdf-Datei ist digital beschreibbar, so dass Sie den Plan am Rechner o. \u00e4. ausf\u00fcllen und wieder digital zur\u00fccksenden k\u00f6nnen. Nat\u00fcrlich k\u00f6nnen Sie diesen auch wieder ausdrucken, ausf\u00fcllen und faxen oder bei der Gemeinde abgeben. Die Essenmeldungen gehen nicht mehr an die Schule!!! Es gibt auch die M\u00f6glichkeit einer \u201eDaueranmeldung\u201c. Das entsprechende beschreibbare Formular finden Sie im Link.<\/p>\n<p>per E-Mail:\u00a0\u00a0\u00a0\u00a0\u00a0\u00a0\u00a0\u00a0\u00a0<u><a href=\"mailto:info@unterbreizbach.de\">info@unterbreizbach.de<\/a><\/u><\/p>\n<p>per Fax:\u00a0\u00a0\u00a0\u00a0\u00a0\u00a0\u00a0\u00a0\u00a0\u00a0\u00a0\u00a0 036962\/51220<\/p>\n<p>in Postkasten der Gemeinde \u2013 Heinrich-Heine-Str. 3<\/p>\n<p>Bitte beachten Sie auch hier sehr sorgf\u00e4ltig den gesetzten Termin zur\u00a0<strong>Abgabe.<\/strong><\/p>\n<p><span style=\"color: #99cc00;\"><strong><a style=\"color: #99cc00;\" href=\"https:\/\/grundschule-suenna.de\/wp-content\/uploads\/2026\/03\/Speiseplan-Grundschueler-Mai-2026-1.pdf\">Speiseplan Grundsch\u00fcler &#8211; Mai 2026<\/a><\/strong><\/span><\/p>\n<p><strong><a href=\"https:\/\/grundschule-suenna.de\/wp-content\/uploads\/2025\/06\/Daueranmeldung-GS-Suenna-1.pdf\"><span style=\"color: #99cc00;\">Daueranmeldung GS S\u00fcnna<\/span><\/a><\/strong><\/p>\n<p>Mit freundlichen Gr\u00fc\u00dfen<br \/>\nC. Adler<\/p>\n<hr \/>\n<h1>Speiseplan April und Osterferien 2026<\/h1>\n<h3>25.02.2026<\/h3>\n<p>Liebe Eltern der Grundschule S\u00fcnna,<\/p>\n<p>heute erhalten Sie den Speiseplan f\u00fcr den Monat April und die Osterferien 2026 in digitaler Form. Die pdf-Dateien sind digital beschreibbar, so dass Sie die Pl\u00e4ne am Rechner o. \u00e4. ausf\u00fcllen und wieder digital zur\u00fccksenden k\u00f6nnen. Nat\u00fcrlich k\u00f6nnen Sie diese auch wieder ausdrucken, ausf\u00fcllen und faxen oder bei der Gemeinde abgeben. Die Essenmeldungen gehen nicht mehr an die Schule!!! Es gibt auch die M\u00f6glichkeit einer \u201eDaueranmeldung\u201c. Das entsprechende beschreibbare Formular finden Sie im Link.<\/p>\n<p>per E-Mail:\u00a0\u00a0\u00a0\u00a0\u00a0\u00a0\u00a0\u00a0\u00a0<u><a href=\"mailto:info@unterbreizbach.de\">info@unterbreizbach.de<\/a><\/u><\/p>\n<p>per Fax:\u00a0\u00a0\u00a0\u00a0\u00a0\u00a0\u00a0\u00a0\u00a0\u00a0\u00a0\u00a0 036962\/51220<\/p>\n<p>in Postkasten der Gemeinde \u2013 Heinrich-Heine-Str. 3<\/p>\n<p>Bitte beachten Sie auch hier sehr sorgf\u00e4ltig den gesetzten Termin zur\u00a0<strong>Abgabe.<\/strong><\/p>\n<p><a href=\"https:\/\/grundschule-suenna.de\/wp-content\/uploads\/2026\/02\/Speiseplan-Grundschueler-April-2026.pdf\"><span style=\"color: #99cc00;\"><strong>Speiseplan Grundsch\u00fcler &#8211; April 2026<\/strong><\/span><\/a><\/p>\n<p><span style=\"color: #99cc00;\"><strong><a style=\"color: #99cc00;\" href=\"https:\/\/grundschule-suenna.de\/wp-content\/uploads\/2026\/02\/Speiseplan-Grundschueler-Osterferien-2026.pdf\">Speiseplan Grundsch\u00fcler &#8211; Osterferien 2026<\/a><\/strong><\/span><\/p>\n<p><span style=\"color: #99cc00;\"><strong><a style=\"color: #99cc00;\" href=\"https:\/\/grundschule-suenna.de\/wp-content\/uploads\/2025\/06\/Daueranmeldung-GS-Suenna-1.pdf\">Daueranmeldung GS S\u00fcnna<\/a><\/strong><\/span><\/p>\n<p>Mit freundlichen Gr\u00fc\u00dfen<br \/>\nC. Adler<\/p>\n<hr \/>\n<h1>Hortbetreuung im Schuljahr 2026\/2027<\/h1>\n<h3>04.02.2026<\/h3>\n<h4><strong>Liebe Eltern der Grundschule S\u00fcnna,<\/strong><\/h4>\n<p>hiermit leite ich Ihnen den Elternbrief zur Hortbetreuung im Schuljahr 2026\/2027 vom Landratsamt Wartburgkreis zu Ihrer Kenntnis weiter.<\/p>\n<p><a href=\"https:\/\/grundschule-suenna.de\/wp-content\/uploads\/2026\/02\/Elternbrief-Hort-2026-2027.pdf\"><span style=\"color: #99cc00;\"><strong>Elternbrief Hort 2026-2027<\/strong><\/span><\/a><\/p>\n<p>Mit freundlichen Gr\u00fc\u00dfen<br \/>\nC. Adler<\/p>\n<hr \/>\n<h1>Speiseplan M\u00e4rz 2026<\/h1>\n<h3>26.01.2026<\/h3>\n<h4><strong>Liebe Eltern der Grundschule S\u00fcnna,<\/strong><\/h4>\n<p>heute erhalten Sie den Speiseplan f\u00fcr den Monat M\u00e4rz 2026 in digitaler Form. Die pdf-Datei ist digital beschreibbar, so dass Sie den Plan am Rechner o. \u00e4. ausf\u00fcllen und wieder digital zur\u00fccksenden k\u00f6nnen. Nat\u00fcrlich k\u00f6nnen Sie diesen auch wieder ausdrucken, ausf\u00fcllen und faxen oder bei der Gemeinde abgeben. Die Essenmeldungen gehen nicht mehr an die Schule!!! Es gibt auch die M\u00f6glichkeit einer \u201eDaueranmeldung\u201c. Das entsprechende beschreibbare Formular finden Sie im Link.<\/p>\n<p>per E-Mail:\u00a0\u00a0\u00a0\u00a0\u00a0\u00a0\u00a0\u00a0\u00a0<u><a href=\"mailto:info@unterbreizbach.de\">info@unterbreizbach.de<\/a><\/u><\/p>\n<p>per Fax:\u00a0\u00a0\u00a0\u00a0\u00a0\u00a0\u00a0\u00a0\u00a0\u00a0\u00a0\u00a0 036962\/51220<\/p>\n<p>in Postkasten der Gemeinde \u2013 Heinrich-Heine-Str. 3<\/p>\n<p>Bitte beachten Sie auch hier sehr sorgf\u00e4ltig den gesetzten Termin zur\u00a0<strong>Abgabe.<\/strong><\/p>\n<p><a href=\"https:\/\/grundschule-suenna.de\/wp-content\/uploads\/2026\/01\/Speiseplan-Grundschueler-Maerz-2026.pdf\"><span style=\"color: #99cc00;\"><strong>Speiseplan Grundsch\u00fcler &#8211; M\u00e4rz 2026<\/strong><\/span><\/a><\/p>\n<p><strong><a href=\"https:\/\/grundschule-suenna.de\/wp-content\/uploads\/2025\/06\/Daueranmeldung-GS-Suenna-1.pdf\"><span style=\"color: #99cc00;\">Daueranmeldung<\/span> <span style=\"color: #99cc00;\">GS S\u00fcnna<\/span><\/a><\/strong><\/p>\n<p>Mit freundlichen Gr\u00fc\u00dfen<br \/>\nC. Adler<\/p>\n<hr \/>\n<h1>Speiseplan Februar und Winterferien 2026<\/h1>\n<h3>19.12.2025<\/h3>\n<p>Liebe Eltern der Grundschule S\u00fcnna,<\/p>\n<p>heute erhalten Sie den Speiseplan f\u00fcr den Monat Februar und die Winterferien 2026 in digitaler Form. Die pdf-Dateien sind digital beschreibbar, so dass Sie die Pl\u00e4ne am Rechner o. \u00e4. ausf\u00fcllen und wieder digital zur\u00fccksenden k\u00f6nnen. Nat\u00fcrlich k\u00f6nnen Sie diese auch wieder ausdrucken, ausf\u00fcllen und faxen oder bei der Gemeinde abgeben. Die Essenmeldungen gehen nicht mehr an die Schule!!! Es gibt auch die M\u00f6glichkeit einer \u201eDaueranmeldung\u201c. Das entsprechende beschreibbare Formular finden Sie im Link.<\/p>\n<p>per E-Mail:\u00a0\u00a0\u00a0\u00a0\u00a0\u00a0\u00a0\u00a0\u00a0<u><a href=\"mailto:info@unterbreizbach.de\">info@unterbreizbach.de<\/a><\/u><\/p>\n<p>per Fax:\u00a0\u00a0\u00a0\u00a0\u00a0\u00a0\u00a0\u00a0\u00a0\u00a0\u00a0\u00a0 036962\/51220<\/p>\n<p>in Postkasten der Gemeinde \u2013 Heinrich-Heine-Str. 3<\/p>\n<p>Bitte beachten Sie auch hier sehr sorgf\u00e4ltig den gesetzten Termin zur\u00a0<strong>Abgabe.<\/strong><\/p>\n<p><a href=\"https:\/\/grundschule-suenna.de\/wp-content\/uploads\/2025\/12\/Speiseplan-Grundschueler-Februar-2026.pdf\"><span style=\"color: #99cc00;\"><strong>Speiseplan Grundsch\u00fcler &#8211; Februar 2026<\/strong><\/span><\/a><\/p>\n<p><a href=\"https:\/\/grundschule-suenna.de\/wp-content\/uploads\/2026\/01\/Speiseplan-Grundschueler-Winterferien-2026.pdf\"><span style=\"color: #99cc00;\"><strong>Speiseplan Grundsch\u00fcler &#8211; Winterferien 2026<\/strong><\/span><\/a><\/p>\n<p><span style=\"color: #99cc00;\"><strong><a style=\"color: #99cc00;\" href=\"https:\/\/grundschule-suenna.de\/wp-content\/uploads\/2025\/06\/Daueranmeldung-GS-Suenna-1.pdf\">Daueranmeldung GS S\u00fcnna<\/a><\/strong><\/span><\/p>\n<p>Mit freundlichen Gr\u00fc\u00dfen<br \/>\nC. Adler<\/p>\n<hr \/>\n<h1>Speiseplan Januar 2026<\/h1>\n<h3>20.11.2025<\/h3>\n<h4><strong>Liebe Eltern der Grundschule S\u00fcnna,<\/strong><\/h4>\n<p>heute erhalten Sie den Speiseplan f\u00fcr den Monat Januar 2026 in digitaler Form. Die pdf-Datei ist digital beschreibbar, so dass Sie den Plan am Rechner o. \u00e4. ausf\u00fcllen und wieder digital zur\u00fccksenden k\u00f6nnen. Nat\u00fcrlich k\u00f6nnen Sie diesen auch wieder ausdrucken, ausf\u00fcllen und faxen oder bei der Gemeinde abgeben. Die Essenmeldungen gehen nicht mehr an die Schule!!! Es gibt auch die M\u00f6glichkeit einer \u201eDaueranmeldung\u201c. Das entsprechende beschreibbare Formular finden Sie im Link.<\/p>\n<p>per E-Mail:\u00a0\u00a0\u00a0\u00a0\u00a0\u00a0\u00a0\u00a0\u00a0<u><a href=\"mailto:info@unterbreizbach.de\">info@unterbreizbach.de<\/a><\/u><\/p>\n<p>per Fax:\u00a0\u00a0\u00a0\u00a0\u00a0\u00a0\u00a0\u00a0\u00a0\u00a0\u00a0\u00a0 036962\/51220<\/p>\n<p>in Postkasten der Gemeinde \u2013 Heinrich-Heine-Str. 3<\/p>\n<p>Bitte beachten Sie auch hier sehr sorgf\u00e4ltig den gesetzten Termin zur\u00a0<strong>Abgabe.<\/strong><\/p>\n<p><span style=\"color: #99cc00;\"><a style=\"color: #99cc00;\" href=\"https:\/\/grundschule-suenna.de\/wp-content\/uploads\/2025\/11\/Speiseplan-Grundschueler-Januar-2026-beschreibbar.pdf\"><strong>Speiseplan Grundsch\u00fcler &#8211; Januar 2026 &#8211; beschreibbar<\/strong><\/a><\/span><\/p>\n<p><strong><a href=\"https:\/\/grundschule-suenna.de\/wp-content\/uploads\/2025\/06\/Daueranmeldung-GS-Suenna-1.pdf\"><span style=\"color: #99cc00;\">Daueranmeldung GS S\u00fcnna<\/span><\/a><\/strong><\/p>\n<p>Mit freundlichen Gr\u00fc\u00dfen<br \/>\nA. Denner<\/p>\n<hr \/>\n<h1>Speiseplan Dezember 2025<\/h1>\n<h3>24.10.2025<\/h3>\n<h4><strong>Liebe Eltern der Grundschule S\u00fcnna,<\/strong><\/h4>\n<p>heute erhalten Sie den Speiseplan f\u00fcr den Monat Dezember 2025 in digitaler Form. Die pdf-Datei ist digital beschreibbar, so dass Sie den Plan am Rechner o. \u00e4. ausf\u00fcllen und wieder digital zur\u00fccksenden k\u00f6nnen. Nat\u00fcrlich k\u00f6nnen Sie diesen auch wieder ausdrucken, ausf\u00fcllen und faxen oder bei der Gemeinde abgeben. Die Essenmeldungen gehen nicht mehr an die Schule!!! Es gibt auch die M\u00f6glichkeit einer \u201eDaueranmeldung\u201c. Das entsprechende beschreibbare Formular finden Sie im Link.<\/p>\n<p>per E-Mail:\u00a0\u00a0\u00a0\u00a0\u00a0\u00a0\u00a0\u00a0\u00a0<u><a href=\"mailto:info@unterbreizbach.de\">info@unterbreizbach.de<\/a><\/u><\/p>\n<p>per Fax:\u00a0\u00a0\u00a0\u00a0\u00a0\u00a0\u00a0\u00a0\u00a0\u00a0\u00a0\u00a0 036962\/51220<\/p>\n<p>in Postkasten der Gemeinde \u2013 Heinrich-Heine-Str. 3<\/p>\n<p>Bitte beachten Sie auch hier sehr sorgf\u00e4ltig den gesetzten Termin zur\u00a0<strong>Abgabe.<\/strong><\/p>\n<p><a href=\"https:\/\/grundschule-suenna.de\/wp-content\/uploads\/2025\/10\/Speiseplan-Grundschueler-Dezember-2025.pdf\"><span style=\"color: #99cc00;\"><strong>Speiseplan Grundsch\u00fcler &#8211; Dezember 2025<\/strong><\/span><\/a><\/p>\n<p><span style=\"color: #99cc00;\"><strong><a style=\"color: #99cc00;\" href=\"https:\/\/grundschule-suenna.de\/wp-content\/uploads\/2025\/06\/Daueranmeldung-GS-Suenna-1.pdf\">Daueranmeldung GS S\u00fcnna<\/a><\/strong><\/span><\/p>\n<p>Mit freundlichen Gr\u00fc\u00dfen<br \/>\nC. Adler<\/p>\n<hr \/>\n<h1>Speiseplan November 2025<\/h1>\n<h3>21.10.2025<\/h3>\n<h4><strong>Liebe Eltern der Grundschule S\u00fcnna,<\/strong><\/h4>\n<p>heute erhalten Sie den Speiseplan f\u00fcr den Monat November 2025 in digitaler Form. Die pdf-Datei ist digital beschreibbar, so dass Sie den Plan am Rechner o. \u00e4. ausf\u00fcllen und wieder digital zur\u00fccksenden k\u00f6nnen. Nat\u00fcrlich k\u00f6nnen Sie diesen auch wieder ausdrucken, ausf\u00fcllen und faxen oder bei der Gemeinde abgeben. Die Essenmeldungen gehen nicht mehr an die Schule!!! Es gibt auch die M\u00f6glichkeit einer \u201eDaueranmeldung\u201c. Das entsprechende beschreibbare Formular finden Sie im Link.<\/p>\n<p>per E-Mail:\u00a0\u00a0\u00a0\u00a0\u00a0\u00a0\u00a0\u00a0\u00a0<u><a href=\"mailto:info@unterbreizbach.de\">info@unterbreizbach.de<\/a><\/u><\/p>\n<p>per Fax:\u00a0\u00a0\u00a0\u00a0\u00a0\u00a0\u00a0\u00a0\u00a0\u00a0\u00a0\u00a0 036962\/51220<\/p>\n<p>in Postkasten der Gemeinde \u2013 Heinrich-Heine-Str. 3<\/p>\n<p>Bitte beachten Sie auch hier sehr sorgf\u00e4ltig den gesetzten Termin zur\u00a0<strong>Abgabe.<\/strong><\/p>\n<p><a href=\"https:\/\/grundschule-suenna.de\/wp-content\/uploads\/2025\/10\/Speiseplan-Grundschueler-November-2025-1.pdf\"><span style=\"color: #99cc00;\"><strong>Speiseplan Grundsch\u00fcler &#8211; November 2025<\/strong><\/span><\/a><\/p>\n<p><span style=\"color: #99cc00;\"><strong><a style=\"color: #99cc00;\" href=\"https:\/\/grundschule-suenna.de\/wp-content\/uploads\/2025\/06\/Daueranmeldung-GS-Suenna-1.pdf\">Daueranmeldung GS S\u00fcnna<\/a><\/strong><\/span><\/p>\n<p><span style=\"color: #000000;\">Mit fr<\/span>eundlichen Gr\u00fc\u00dfen<br \/>\nC. Adler<\/p>\n<hr \/>\n<h1>Speiseplan Oktober 2025 und Herbstferien<\/h1>\n<h3>13.08.2025<\/h3>\n<h4><strong>Liebe Eltern der Grundschule S\u00fcnna,<\/strong><\/h4>\n<p>heute erhalten Sie die Speisepl\u00e4ne f\u00fcr den Monat Oktober 2025 sowie die Herbstferien in digitaler Form. Die pdf-Dateien sind digital beschreibbar, so dass Sie die Pl\u00e4ne am Rechner o. \u00e4. ausf\u00fcllen und wieder digital zur\u00fccksenden k\u00f6nnen. Nat\u00fcrlich k\u00f6nnen Sie diese auch wieder ausdrucken, ausf\u00fcllen und faxen oder bei der Gemeinde abgeben. Die Essenmeldungen gehen nicht mehr an die Schule!!! Es gibt auch die M\u00f6glichkeit einer \u201eDaueranmeldung\u201c. Das entsprechende beschreibbare Formular finden Sie im Link.<\/p>\n<p>per E-Mail:\u00a0\u00a0\u00a0\u00a0\u00a0\u00a0\u00a0\u00a0\u00a0<u><a href=\"mailto:info@unterbreizbach.de\">info@unterbreizbach.de<\/a><\/u><\/p>\n<p>per Fax:\u00a0\u00a0\u00a0\u00a0\u00a0\u00a0\u00a0\u00a0\u00a0\u00a0\u00a0\u00a0 036962\/51220<\/p>\n<p>in Postkasten der Gemeinde \u2013 Heinrich-Heine-Str. 3<\/p>\n<p>Bitte beachten Sie auch hier sehr sorgf\u00e4ltig den gesetzten Termin zur\u00a0<strong>Abgabe.<\/strong><\/p>\n<p><a href=\"https:\/\/grundschule-suenna.de\/wp-content\/uploads\/2025\/08\/Speiseplan-Grundschueler-Oktober-2025.pdf\"><span style=\"color: #00ff00;\"><strong><span style=\"color: #99cc00;\">Speiseplan Grundsch\u00fcler &#8211; Oktober 2025<\/span><\/strong><\/span><\/a><\/p>\n<p><a href=\"https:\/\/grundschule-suenna.de\/wp-content\/uploads\/2025\/08\/Speiseplan-Grundschueler-Herbstferien-2025.pdf\"><span style=\"color: #99cc00;\"><strong>Speiseplan Grundsch\u00fcler &#8211; Herbstferien 2025<\/strong><\/span><\/a><\/p>\n<p><strong><a href=\"https:\/\/grundschule-suenna.de\/wp-content\/uploads\/2025\/06\/Daueranmeldung-GS-Suenna-1.pdf\"><span style=\"color: #99cc00;\">Daueranmeldung GS S\u00fcnna<\/span><\/a><\/strong><\/p>\n<p>Mit freundlichen Gr\u00fc\u00dfen<br \/>\nC. Adler<\/p>\n<hr \/>\n<h1>Fundsachen<\/h1>\n<h3>18.07.2025<\/h3>\n<h4><strong>Liebe Eltern der Grundschule S\u00fcnna,<\/strong><\/h4>\n<p>immer wieder finden wir in der Schule Kleidungsst\u00fccke, die keinem Kind zugeordnet werden k\u00f6nnen. Diese werden von uns gesammelt.<\/p>\n<p>Damit die Fundsachen nicht zu viel werden, haben wir diese fotografiert und w\u00fcrden uns freuen, wenn die Sachen an ihre Besitzer zur\u00fcckgegeben werden k\u00f6nnen.<\/p>\n<p>Falls Sie ein Kleidungsst\u00fcck Ihres Kindes erkennen, geben Sie uns gerne Bescheid. Dieses werden wir, nach den Sommerferien, mit nach Hause geben.<\/p>\n<p><a href=\"https:\/\/grundschule-suenna.de\/wp-content\/uploads\/2025\/07\/Fundsachen-1-scaled.jpg\"><img decoding=\"async\" loading=\"lazy\" class=\"alignnone size-medium wp-image-2828\" src=\"https:\/\/grundschule-suenna.de\/wp-content\/uploads\/2025\/07\/Fundsachen-1-300x225.jpg\" alt=\"\" width=\"300\" height=\"225\" srcset=\"https:\/\/grundschule-suenna.de\/wp-content\/uploads\/2025\/07\/Fundsachen-1-300x225.jpg 300w, https:\/\/grundschule-suenna.de\/wp-content\/uploads\/2025\/07\/Fundsachen-1-1024x769.jpg 1024w, https:\/\/grundschule-suenna.de\/wp-content\/uploads\/2025\/07\/Fundsachen-1-768x577.jpg 768w, https:\/\/grundschule-suenna.de\/wp-content\/uploads\/2025\/07\/Fundsachen-1-1536x1153.jpg 1536w, https:\/\/grundschule-suenna.de\/wp-content\/uploads\/2025\/07\/Fundsachen-1-2048x1538.jpg 2048w, https:\/\/grundschule-suenna.de\/wp-content\/uploads\/2025\/07\/Fundsachen-1-400x300.jpg 400w\" sizes=\"(max-width: 300px) 100vw, 300px\" \/><\/a> <a href=\"https:\/\/grundschule-suenna.de\/wp-content\/uploads\/2025\/07\/Fundsachen-2-scaled.jpg\"><img decoding=\"async\" loading=\"lazy\" class=\"alignnone size-medium wp-image-2829\" src=\"https:\/\/grundschule-suenna.de\/wp-content\/uploads\/2025\/07\/Fundsachen-2-300x225.jpg\" alt=\"\" width=\"300\" height=\"225\" srcset=\"https:\/\/grundschule-suenna.de\/wp-content\/uploads\/2025\/07\/Fundsachen-2-300x225.jpg 300w, https:\/\/grundschule-suenna.de\/wp-content\/uploads\/2025\/07\/Fundsachen-2-1024x769.jpg 1024w, https:\/\/grundschule-suenna.de\/wp-content\/uploads\/2025\/07\/Fundsachen-2-768x577.jpg 768w, https:\/\/grundschule-suenna.de\/wp-content\/uploads\/2025\/07\/Fundsachen-2-1536x1153.jpg 1536w, https:\/\/grundschule-suenna.de\/wp-content\/uploads\/2025\/07\/Fundsachen-2-2048x1538.jpg 2048w, https:\/\/grundschule-suenna.de\/wp-content\/uploads\/2025\/07\/Fundsachen-2-400x300.jpg 400w\" sizes=\"(max-width: 300px) 100vw, 300px\" \/><\/a> <a href=\"https:\/\/grundschule-suenna.de\/wp-content\/uploads\/2025\/07\/Fundsachen-3-scaled.jpg\"><img decoding=\"async\" loading=\"lazy\" class=\"alignnone size-medium wp-image-2830\" src=\"https:\/\/grundschule-suenna.de\/wp-content\/uploads\/2025\/07\/Fundsachen-3-300x225.jpg\" alt=\"\" width=\"300\" height=\"225\" srcset=\"https:\/\/grundschule-suenna.de\/wp-content\/uploads\/2025\/07\/Fundsachen-3-300x225.jpg 300w, https:\/\/grundschule-suenna.de\/wp-content\/uploads\/2025\/07\/Fundsachen-3-1024x769.jpg 1024w, https:\/\/grundschule-suenna.de\/wp-content\/uploads\/2025\/07\/Fundsachen-3-768x577.jpg 768w, https:\/\/grundschule-suenna.de\/wp-content\/uploads\/2025\/07\/Fundsachen-3-1536x1153.jpg 1536w, https:\/\/grundschule-suenna.de\/wp-content\/uploads\/2025\/07\/Fundsachen-3-2048x1538.jpg 2048w, https:\/\/grundschule-suenna.de\/wp-content\/uploads\/2025\/07\/Fundsachen-3-400x300.jpg 400w\" sizes=\"(max-width: 300px) 100vw, 300px\" \/><\/a> <a href=\"https:\/\/grundschule-suenna.de\/wp-content\/uploads\/2025\/07\/Fundsachen-scaled.jpg\"><img decoding=\"async\" loading=\"lazy\" class=\"alignnone size-medium wp-image-2831\" src=\"https:\/\/grundschule-suenna.de\/wp-content\/uploads\/2025\/07\/Fundsachen-300x225.jpg\" alt=\"\" width=\"300\" height=\"225\" srcset=\"https:\/\/grundschule-suenna.de\/wp-content\/uploads\/2025\/07\/Fundsachen-300x225.jpg 300w, https:\/\/grundschule-suenna.de\/wp-content\/uploads\/2025\/07\/Fundsachen-1024x769.jpg 1024w, https:\/\/grundschule-suenna.de\/wp-content\/uploads\/2025\/07\/Fundsachen-768x577.jpg 768w, https:\/\/grundschule-suenna.de\/wp-content\/uploads\/2025\/07\/Fundsachen-1536x1153.jpg 1536w, https:\/\/grundschule-suenna.de\/wp-content\/uploads\/2025\/07\/Fundsachen-2048x1538.jpg 2048w, https:\/\/grundschule-suenna.de\/wp-content\/uploads\/2025\/07\/Fundsachen-400x300.jpg 400w\" sizes=\"(max-width: 300px) 100vw, 300px\" \/><\/a><\/p>\n<p>Mit freundlichen Gr\u00fc\u00dfen<br \/>\nC. Adler<\/p>\n<hr \/>\n<h1>Speiseplan September 2025<\/h1>\n<h3>11.07.2025<\/h3>\n<h4><strong>Liebe Eltern der Grundschule S\u00fcnna,<\/strong><\/h4>\n<p>heute erhalten Sie den Speiseplan f\u00fcr den Monat September 2025 in digitaler Form. Die pdf-Datei ist digital beschreibbar, so dass Sie den Plan am Rechner o. \u00e4. ausf\u00fcllen und wieder digital zur\u00fccksenden k\u00f6nnen. Nat\u00fcrlich k\u00f6nnen Sie diesen auch wieder ausdrucken, ausf\u00fcllen und faxen oder bei der Gemeinde abgeben. Die Essenmeldungen gehen nicht mehr an die Schule!!! Es gibt auch die M\u00f6glichkeit einer \u201eDaueranmeldung\u201c. Das entsprechende beschreibbare Formular finden Sie im Link.<\/p>\n<p>per E-Mail:\u00a0\u00a0\u00a0\u00a0\u00a0\u00a0\u00a0\u00a0\u00a0<u><a href=\"mailto:info@unterbreizbach.de\">info@unterbreizbach.de<\/a><\/u><\/p>\n<p>per Fax:\u00a0\u00a0\u00a0\u00a0\u00a0\u00a0\u00a0\u00a0\u00a0\u00a0\u00a0\u00a0 036962\/51220<\/p>\n<p>in Postkasten der Gemeinde \u2013 Heinrich-Heine-Str. 3<\/p>\n<p>Bitte beachten Sie auch hier sehr sorgf\u00e4ltig den gesetzten Termin zur\u00a0<strong>Abgabe.<\/strong><\/p>\n<p><a href=\"https:\/\/grundschule-suenna.de\/wp-content\/uploads\/2025\/07\/Speiseplan-Grundschueler-September-2025.pdf\"><span style=\"color: #99cc00;\"><strong>Speiseplan Grundsch\u00fcler &#8211; September 2025<\/strong><\/span><\/a><\/p>\n<p><strong><a href=\"https:\/\/grundschule-suenna.de\/wp-content\/uploads\/2025\/06\/Daueranmeldung-GS-Suenna-1.pdf\"><span style=\"color: #99cc00;\">Daueranmeldung GS S\u00fcnna<\/span><\/a><\/strong><\/p>\n<p>Mit freundlichen Gr\u00fc\u00dfen<br \/>\nC. Adler<\/p>\n<hr \/>\n<h1>Speiseplan August 2025<\/h1>\n<h3>17.06.2025<\/h3>\n<h4><strong>Liebe Eltern der Grundschule S\u00fcnna,<\/strong><\/h4>\n<p>heute erhalten Sie den Speiseplan f\u00fcr den Monat August 2025 in digitaler Form. Die pdf-Datei ist digital beschreibbar, so dass Sie den Plan am Rechner o. \u00e4. ausf\u00fcllen und wieder digital zur\u00fccksenden k\u00f6nnen. Nat\u00fcrlich k\u00f6nnen Sie diesen auch wieder ausdrucken, ausf\u00fcllen und faxen oder bei der Gemeinde abgeben. Die Essenmeldungen gehen nicht mehr an die Schule!!! Es gibt auch die M\u00f6glichkeit einer \u201eDaueranmeldung\u201c. Das entsprechende beschreibbare Formular finden Sie im Link.<\/p>\n<p>per E-Mail:\u00a0\u00a0\u00a0\u00a0\u00a0\u00a0\u00a0\u00a0\u00a0<u><a href=\"mailto:info@unterbreizbach.de\">info@unterbreizbach.de<\/a><\/u><\/p>\n<p>per Fax:\u00a0\u00a0\u00a0\u00a0\u00a0\u00a0\u00a0\u00a0\u00a0\u00a0\u00a0\u00a0 036962\/51220<\/p>\n<p>in Postkasten der Gemeinde \u2013 Heinrich-Heine-Str. 3<\/p>\n<p>Bitte beachten Sie auch hier sehr sorgf\u00e4ltig den gesetzten Termin zur\u00a0<strong>Abgabe.<\/strong><\/p>\n<p><span style=\"color: #99cc00;\"><a style=\"color: #99cc00;\" href=\"https:\/\/grundschule-suenna.de\/wp-content\/uploads\/2025\/06\/Speiseplan-Grundschueler-August-2025.pdf\"><strong>Speiseplan Grundsch\u00fcler &#8211; August 2025<\/strong><\/a><\/span><\/p>\n<p><span style=\"color: #99cc00;\"><strong><a style=\"color: #99cc00;\" href=\"https:\/\/grundschule-suenna.de\/wp-content\/uploads\/2025\/06\/Daueranmeldung-GS-Suenna-1.pdf\">Daueranmeldung GS S\u00fcnna<\/a><\/strong><\/span><\/p>\n<p>Mit freundlichen Gr\u00fc\u00dfen<br \/>\nC. Adler<\/p>\n<hr \/>\n<p><a href=\"https:\/\/grundschule-suenna.de\/wp-content\/uploads\/2017\/01\/schule-suenna.jpg\"><img decoding=\"async\" loading=\"lazy\" class=\"wp-image-787 alignleft\" src=\"https:\/\/grundschule-suenna.de\/wp-content\/uploads\/2017\/01\/schule-suenna-300x218.jpg\" alt=\"schule-suenna\" width=\"351\" height=\"255\" srcset=\"https:\/\/grundschule-suenna.de\/wp-content\/uploads\/2017\/01\/schule-suenna-300x218.jpg 300w, https:\/\/grundschule-suenna.de\/wp-content\/uploads\/2017\/01\/schule-suenna-768x559.jpg 768w, https:\/\/grundschule-suenna.de\/wp-content\/uploads\/2017\/01\/schule-suenna-1024x745.jpg 1024w, https:\/\/grundschule-suenna.de\/wp-content\/uploads\/2017\/01\/schule-suenna-412x300.jpg 412w\" sizes=\"(max-width: 351px) 100vw, 351px\" \/><\/a><\/p>\n<p><a title=\"P1030911_96\" href=\"https:\/\/grundschule-suenna.de\/wp-content\/uploads\/2014\/10\/P1030911_96.jpg\" rel=\"attachment wp-att-29\"><img decoding=\"async\" loading=\"lazy\" class=\"size-medium wp-image-29 aligncenter\" src=\"https:\/\/grundschule-suenna.de\/wp-content\/uploads\/2014\/10\/P1030911_96-300x224.jpg\" alt=\"P1030911_96\" width=\"300\" height=\"224\" \/><\/a><\/p>\n<p><a href=\"https:\/\/grundschule-suenna.de\/wp-content\/uploads\/2014\/10\/P1030912_96.jpg\" rel=\"attachment wp-att-30\"><img decoding=\"async\" loading=\"lazy\" class=\"size-medium wp-image-30 alignright\" src=\"https:\/\/grundschule-suenna.de\/wp-content\/uploads\/2014\/10\/P1030912_96-300x224.jpg\" alt=\"P1030912_96\" width=\"300\" height=\"224\" \/><\/a><\/p>\n","protected":false},"excerpt":{"rendered":"<p>Herzlich Willkommen auf den Internetseiten der Grundschule S\u00fcnna Speiseplan Juni 2026 01.04.2026 Liebe Eltern der Grundschule S\u00fcnna, heute erhalten Sie den Speiseplan f\u00fcr den Monat Juni 2026 in digitaler Form. Die pdf-Datei ist digital beschreibbar, so dass Sie den Plan &hellip; <a class=\"more-link\" href=\"https:\/\/grundschule-suenna.de\/\">Weiterlesen <span class=\"meta-nav\">&rarr;<\/span><\/a><\/p>\n","protected":false},"author":1,"featured_media":0,"parent":0,"menu_order":1,"comment_status":"closed","ping_status":"closed","template":"","meta":[],"_links":{"self":[{"href":"https:\/\/grundschule-suenna.de\/index.php?rest_route=\/wp\/v2\/pages\/2"}],"collection":[{"href":"https:\/\/grundschule-suenna.de\/index.php?rest_route=\/wp\/v2\/pages"}],"about":[{"href":"https:\/\/grundschule-suenna.de\/index.php?rest_route=\/wp\/v2\/types\/page"}],"author":[{"embeddable":true,"href":"https:\/\/grundschule-suenna.de\/index.php?rest_route=\/wp\/v2\/users\/1"}],"replies":[{"embeddable":true,"href":"https:\/\/grundschule-suenna.de\/index.php?rest_route=%2Fwp%2Fv2%2Fcomments&post=2"}],"version-history":[{"count":481,"href":"https:\/\/grundschule-suenna.de\/index.php?rest_route=\/wp\/v2\/pages\/2\/revisions"}],"predecessor-version":[{"id":2863,"href":"https:\/\/grundschule-suenna.de\/index.php?rest_route=\/wp\/v2\/pages\/2\/revisions\/2863"}],"wp:attachment":[{"href":"https:\/\/grundschule-suenna.de\/index.php?rest_route=%2Fwp%2Fv2%2Fmedia&parent=2"}],"curies":[{"name":"wp","href":"https:\/\/api.w.org\/{rel}","templated":true}]}}