{"id":200,"date":"2016-03-17T08:40:22","date_gmt":"2016-03-17T08:40:22","guid":{"rendered":"http:\/\/grundschule-suenna.de\/?page_id=200"},"modified":"2024-05-31T10:21:59","modified_gmt":"2024-05-31T10:21:59","slug":"informationen-zur-lernentwicklung","status":"publish","type":"page","link":"https:\/\/grundschule-suenna.de\/?page_id=200","title":{"rendered":"Lernentwicklungsgespr\u00e4che und -bemerkungen"},"content":{"rendered":"<div id=\"cc-m-10991018723\">\n<p id=\"cc-m-header-10991018723\">Mit den \u201eBemerkungen zur Lernentwicklung\u201c und dem \u201eGespr\u00e4ch zur Lernentwicklung\u201c sollen Sch\u00fclerinnen und Sch\u00fcler bef\u00e4higt werden, eigene Lernprozesse zu reflektieren, sie aktiv mit zu gestalten und somit Verantwortung f\u00fcr das eigene Lernen zu \u00fcbernehmen.<\/p>\n<\/div>\n<p>&nbsp;<\/p>\n<p>Der erste Schritt ist eine Selbsteinsch\u00e4tzung der Sch\u00fclerin bzw. des Sch\u00fclers (\u201eSelbstperspektive\u201c). Lehrerinnen sowie die Eltern erg\u00e4nzen diese Einsch\u00e4tzung (\u201eFremdperspektive\u201c). Darauf aufbauend sind von der Sch\u00fclerin bzw. dem Sch\u00fcler individuelle Lernziele zu benennen. Die Verantwortung f\u00fcr die Festlegung dieser individuellen Lernziele tr\u00e4gt die Klassenlehrerin.<\/p>\n<p>Sch\u00fcler, Eltern und Lehrer verst\u00e4ndigen sich auf maximal drei Lernziele.<\/p>\n<p>&nbsp;<\/p>\n<p>Die Vereinbarung zur Lernentwicklung enth\u00e4lt au\u00dferdem konkrete Ma\u00dfnahmen, die den Sch\u00fclerinnen und Sch\u00fclern helfen, ihre Lernziele zu erreichen. F\u00fcr jede Ma\u00dfnahme werden die beteiligten Personen und der genaue Zeitrahmen sowie die ben\u00f6tigte Unterst\u00fctzung benannt.<br \/>\nAm Ende des 1. Schulhalbjahres sch\u00e4tzt die Klassenlehrerin bzw. der Klassenlehrer gemeinsam mit den Fachlehrern den Stand der individuellen Lernentwicklung ein und gibt Hinweise zur weiteren F\u00f6rderung. Die \u201eBemerkungen zur Lernentwicklung\u201c werden zusammen mit den Zeugnissen \u00fcbergeben.<\/p>\n<p>&nbsp;<\/p>\n<p>Zeitnah zur \u00dcbergabe der \u201eBemerkungen zur Lernentwicklung\u201c sollte auch das \u201eGespr\u00e4ch zur Lernentwicklung\u201c gef\u00fchrt werden. Am \u201eGespr\u00e4ch zur Lernentwicklung\u201c in den Klassenstu\u00adfen 1 bis 9 nehmen die Sch\u00fclerin bzw. der Sch\u00fcler, die Eltern und die Klassenlehrerin teil.<\/p>\n<p>&nbsp;<\/p>\n<p>Aufbauend auf den ersten \u201eBemerkungen zur Lernentwicklung\u201c werden die Lernziele kontinuierlich weiterentwickelt und f\u00fcr jedes Schulhalbjahr fortgeschrieben. Die Eltern werden mit dem \u201eGespr\u00e4ch zur Lernentwicklung\u201c aktiv in den Prozess einbezogen.<\/p>\n","protected":false},"excerpt":{"rendered":"<p>Mit den \u201eBemerkungen zur Lernentwicklung\u201c und dem \u201eGespr\u00e4ch zur Lernentwicklung\u201c sollen Sch\u00fclerinnen und Sch\u00fcler bef\u00e4higt werden, eigene Lernprozesse zu reflektieren, sie aktiv mit zu gestalten und somit Verantwortung f\u00fcr das eigene Lernen zu \u00fcbernehmen. &nbsp; Der erste Schritt ist eine &hellip; <a class=\"more-link\" href=\"https:\/\/grundschule-suenna.de\/?page_id=200\">Weiterlesen <span class=\"meta-nav\">&rarr;<\/span><\/a><\/p>\n","protected":false},"author":2,"featured_media":0,"parent":2711,"menu_order":1,"comment_status":"closed","ping_status":"closed","template":"","meta":[],"_links":{"self":[{"href":"https:\/\/grundschule-suenna.de\/index.php?rest_route=\/wp\/v2\/pages\/200"}],"collection":[{"href":"https:\/\/grundschule-suenna.de\/index.php?rest_route=\/wp\/v2\/pages"}],"about":[{"href":"https:\/\/grundschule-suenna.de\/index.php?rest_route=\/wp\/v2\/types\/page"}],"author":[{"embeddable":true,"href":"https:\/\/grundschule-suenna.de\/index.php?rest_route=\/wp\/v2\/users\/2"}],"replies":[{"embeddable":true,"href":"https:\/\/grundschule-suenna.de\/index.php?rest_route=%2Fwp%2Fv2%2Fcomments&post=200"}],"version-history":[{"count":5,"href":"https:\/\/grundschule-suenna.de\/index.php?rest_route=\/wp\/v2\/pages\/200\/revisions"}],"predecessor-version":[{"id":226,"href":"https:\/\/grundschule-suenna.de\/index.php?rest_route=\/wp\/v2\/pages\/200\/revisions\/226"}],"up":[{"embeddable":true,"href":"https:\/\/grundschule-suenna.de\/index.php?rest_route=\/wp\/v2\/pages\/2711"}],"wp:attachment":[{"href":"https:\/\/grundschule-suenna.de\/index.php?rest_route=%2Fwp%2Fv2%2Fmedia&parent=200"}],"curies":[{"name":"wp","href":"https:\/\/api.w.org\/{rel}","templated":true}]}}