{"id":2696,"date":"2024-05-17T10:59:22","date_gmt":"2024-05-17T10:59:22","guid":{"rendered":"https:\/\/grundschule-suenna.de\/?page_id=2696"},"modified":"2024-08-09T05:16:52","modified_gmt":"2024-08-09T05:16:52","slug":"informationen","status":"publish","type":"page","link":"https:\/\/grundschule-suenna.de\/?page_id=2696","title":{"rendered":"Informationen"},"content":{"rendered":"<h1><strong>Informationsschreiben des F\u00f6rdervereins der Grundschule S\u00fcnna<\/strong><\/h1>\n<p><strong>\u00a0<\/strong><\/p>\n<p><strong>\u00a0<\/strong>Der \u201eF\u00f6rderverein der Grundschule S\u00fcnna e.V.\u201c setzt sich zum Ziel f\u00fcr die Kinder der Schule ein Lernumfeld zu schaffen, das ihre St\u00e4rken unterst\u00fctzt, das einl\u00e4dt zum Lernen und das ihnen M\u00f6glichkeiten bietet ihr eigenes Potential zu entfalten. Gemeinsam mit den Mitgliedern des Vereins, den Lehrern, Eltern, Gro\u00dfeltern und allen Engagierten der Region m\u00f6chten wir Neues entwickeln, die Schule zukunftsorientiert ausrichten und den Sch\u00fclern einen BildungsRaum schaffen, in dem sie sich wohlf\u00fchlen.<\/p>\n<p><strong>Was ist die Idee f\u00fcr den F\u00f6rderverein? <\/strong><\/p>\n<p>Ein altes Sprichwort sagt, dass es f\u00fcr die Erziehung der Kinder ein ganzes Dorf braucht und genau das k\u00f6nnen wir miteinander umsetzen. Lassen Sie uns gemeinsam in unserer Einheitsgemeinde einen Lernraum f\u00fcr die Kinder erschaffen, der es ihnen erm\u00f6glicht sich selbst zu entfalten, das Wissen mit Begeisterung und Freude aufzunehmen. Lassen Sie uns gemeinsam neue Wege gehen, um den Hindernissen im Bildungssystem zu begegnen und die Schule zu unterst\u00fctzen.<\/p>\n<p><strong>Wie der F\u00f6rderverein das gestalten m\u00f6chte?<\/strong><\/p>\n<p>In den n\u00e4chsten Wochen wird das Fundament erarbeitet, Beh\u00f6rdeng\u00e4nge absolviert und der Rahmen geschaffen, damit der F\u00f6rderverein f\u00fcr die Kinder t\u00e4tig werden kann. Bereits jetzt ist es m\u00f6glich gemeinsam diesen Weg zu gehen. Als Eltern, Vereine, Unternehmen oder andere Organisationen. Lassen Sie uns gemeinsam die Zwecke des Vereins umsetzen und gestalten. Lassen Sie uns ins Gespr\u00e4ch gehen \u00fcber unsere Ideen und den Zweck des Vereins:<\/p>\n<ul>\n<li>Die Unterst\u00fctzung bei der Anschaffung von Lehr- und Lernmittel, speziell multimediale Ausstattung, aber auch von Musikinstrumenten, Bibliotheksausstattungen soweit der Tr\u00e4ger zu seiner Anschaffung nicht verpflichtet ist bzw. sie vom Tr\u00e4ger der Schule nachweislich nicht angeschafft werden k\u00f6nnen<\/li>\n<li>Die Unterst\u00fctzung ggf. Vorfinanzierung von Bauma\u00dfnahmen und notwendigen Inneneinrichtungen, soweit der Tr\u00e4ger der Schule dazu nicht verpflichtet oder wirtschaftlich in der Lage ist<\/li>\n<li>Die Finanzierung ggf. Einstellung von Hilfskr\u00e4ften oder Kooperationspartner die in Abstimmung mit der Schulleitung die p\u00e4dagogische und fachlichen Anliegen der Schule unterst\u00fctzen, wie z.B. Fachkr\u00e4fte f\u00fcr Arbeitsgemeinschaften, Erg\u00e4nzungsunterricht f\u00fcr Begabte oder f\u00fcr Benachteiligte<\/li>\n<li>Die Unterst\u00fctzung von kulturellen und anderen au\u00dferunterrichtlichen Veranstaltungen der Schule, wie. Z.B. Schulfesten, Sportfesten, Theater- und Musikauff\u00fchrungen, Tagen der offenen T\u00fcr, Schul- und Klassenfahrten, Beteiligung an kommunalen Festen und Veranstaltungen<\/li>\n<li>Die F\u00f6rderung gesunder Ern\u00e4hrung und Lernbedingungen der Sch\u00fclerInnen, die Kooperation mit Sportvereinen<\/li>\n<li>Die F\u00f6rderung der Zusammenarbeit mit anderen Schulen, mit der Wirtschaft, mit der Gemeinde, mit kirchlichen Einrichtungen, mit Einrichtungen der Jugendpflege, mit medizinischen und psychologischen Diensten<\/li>\n<li>Die F\u00f6rderung der internationalen Zusammenarbeit der Schule, ihrer Sch\u00fclerInnen sowie Ma\u00dfnahmen der V\u00f6lkerverst\u00e4ndigkeit, insbesondere in Europa<\/li>\n<li>Die F\u00f6rderung der \u00d6ffentlichkeitsarbeit der Schule<\/li>\n<li>Die Unterst\u00fctzung, die Einwerbung von Drittmitteln und die Tr\u00e4gerschaft von Schulprojekten.<\/li>\n<\/ul>\n<p>Bringen Sie sich ein, gestalten Sie mit und lassen Sie uns gemeinsam f\u00fcr unsere Kinder einen Bildungsraum gestalten, der es ihnen erm\u00f6glicht ihr Potential zu (er)leben. Egal, ob als aktives Mitglied, als einmaliger Spender oder als Ideengeber, jeder ist herzlich willkommen.<\/p>\n<p>Gern stehen wir Ihnen bei Fragen unter <span style=\"color: #ff0000;\">schulfoerderverein.suenna@gmail.com<\/span> zur Verf\u00fcgung. Die Satzung sowie der Mitgliedsantrag sind auf der Homepage der Grundschule zu finden und kann direkt in der Schule abgegeben werden.<\/p>\n<p>Herzliche Gr\u00fc\u00dfe<\/p>\n<p>Stephanie Kespohl<\/p>\n<p>Vorstandsvorsitzende<\/p>\n<p>F\u00f6rderverein der Grundschule S\u00fcnna e.V.<\/p>\n<p>&nbsp;<\/p>\n<p>Annelie Denner<\/p>\n<p>Schulleitung<\/p>\n<p>Grundschule S\u00fcnna<\/p>\n","protected":false},"excerpt":{"rendered":"<p>Informationsschreiben des F\u00f6rdervereins der Grundschule S\u00fcnna \u00a0 \u00a0Der \u201eF\u00f6rderverein der Grundschule S\u00fcnna e.V.\u201c setzt sich zum Ziel f\u00fcr die Kinder der Schule ein Lernumfeld zu schaffen, das ihre St\u00e4rken unterst\u00fctzt, das einl\u00e4dt zum Lernen und das ihnen M\u00f6glichkeiten bietet ihr &hellip; <a class=\"more-link\" href=\"https:\/\/grundschule-suenna.de\/?page_id=2696\">Weiterlesen <span class=\"meta-nav\">&rarr;<\/span><\/a><\/p>\n","protected":false},"author":3,"featured_media":0,"parent":2666,"menu_order":2,"comment_status":"closed","ping_status":"closed","template":"","meta":[],"_links":{"self":[{"href":"https:\/\/grundschule-suenna.de\/index.php?rest_route=\/wp\/v2\/pages\/2696"}],"collection":[{"href":"https:\/\/grundschule-suenna.de\/index.php?rest_route=\/wp\/v2\/pages"}],"about":[{"href":"https:\/\/grundschule-suenna.de\/index.php?rest_route=\/wp\/v2\/types\/page"}],"author":[{"embeddable":true,"href":"https:\/\/grundschule-suenna.de\/index.php?rest_route=\/wp\/v2\/users\/3"}],"replies":[{"embeddable":true,"href":"https:\/\/grundschule-suenna.de\/index.php?rest_route=%2Fwp%2Fv2%2Fcomments&post=2696"}],"version-history":[{"count":2,"href":"https:\/\/grundschule-suenna.de\/index.php?rest_route=\/wp\/v2\/pages\/2696\/revisions"}],"predecessor-version":[{"id":2747,"href":"https:\/\/grundschule-suenna.de\/index.php?rest_route=\/wp\/v2\/pages\/2696\/revisions\/2747"}],"up":[{"embeddable":true,"href":"https:\/\/grundschule-suenna.de\/index.php?rest_route=\/wp\/v2\/pages\/2666"}],"wp:attachment":[{"href":"https:\/\/grundschule-suenna.de\/index.php?rest_route=%2Fwp%2Fv2%2Fmedia&parent=2696"}],"curies":[{"name":"wp","href":"https:\/\/api.w.org\/{rel}","templated":true}]}}