{"id":737,"date":"2016-11-23T15:59:09","date_gmt":"2016-11-23T15:59:09","guid":{"rendered":"http:\/\/grundschule-suenna.de\/?page_id=737"},"modified":"2024-11-08T12:43:58","modified_gmt":"2024-11-08T12:43:58","slug":"hausordnung","status":"publish","type":"page","link":"https:\/\/grundschule-suenna.de\/?page_id=737","title":{"rendered":"Hausordnung"},"content":{"rendered":"<h1><\/h1>\n<table>\n<tbody>\n<tr>\n<td width=\"604\">\u201eWo viele Menschen zusammen leben und lernen, muss es Regeln geben. So soll auch diese Hausordnung das Miteinander in unserer Schule regeln.\u201c<\/td>\n<\/tr>\n<\/tbody>\n<\/table>\n<p>&nbsp;<\/p>\n<p><u>Geltungsbereich:<\/u><\/p>\n<p>Sie gilt f\u00fcr <strong>Sch\u00fcler, Lehrer, Erzieher, Mitarbeiter, Nutzer und Besucher<\/strong> der Grundschule S\u00fcnna. <strong>Diese Hausordnung entfaltet ihre Wirkung mit dem Betreten des Schulgrundst\u00fcckes.<\/strong><\/p>\n<p><u>Rechtliche Grundlage:<\/u><\/p>\n<p>Die Schulleiterin bzw. seine Stellvertreterin nehmen das Hausrecht gem\u00e4\u00df \u00a7 33 des Th\u00fcringer Schulgesetzes wahr.<\/p>\n<p><u>Berechtigung:<\/u><\/p>\n<p>Jedes Mitglied unserer Schulgemeinschaft hat das Recht auf m\u00f6glichst ungest\u00f6rtes Arbeiten und Lernen, auf Schutz seiner Gesundheit und seines Eigentums. Jeder hat die Pflicht dieses Recht anderer zu wahren. Das bedingt die Einschr\u00e4nkung der Freiheit des Einzelnen zu Gunsten der Gemeinschaft.<\/p>\n<p>_____________________________________________________________________________________________<\/p>\n<p>Ich nehme <strong>R\u00fccksicht<\/strong> auf alle Personen, die sich in der Schule und auf dem Schulgel\u00e4nde befinden. Ich bin immer <strong>hilfsbereit<\/strong> und gehe <strong>freundlich und respektvoll<\/strong> mit ihnen um. Ich verletze<strong> und beleidige <\/strong>niemanden und mache<strong> auch keinem anderen Angst. <\/strong>Ich achte auf eigenes, gemeinsames oder fremdes Eigentum und darf dieses nicht <strong>besch\u00e4digen, unerlaubt benutzen oder entwenden<\/strong>.<\/p>\n<p>Ich wei\u00df, dass ich <strong>W\u00e4nde<\/strong>, <strong>T\u00fcren<\/strong>, <strong>Fenster<\/strong> und <strong>Schulm\u00f6be<\/strong>l nicht verschmutzen oder beschmieren darf. Die Toiletten darf ich nicht mutwillig verstopfen. Wenn ich mich nicht daran halte, muss ich sie <strong>s\u00e4ubern <\/strong>oder die <strong>Reinigung bezahlen<\/strong>.<\/p>\n<p>Ich achte darauf, dass ich mich <strong>umweltbewusst verhalte<\/strong>: Ich verschwende kein Wasser und schalte das Licht aus, wenn es nicht ben\u00f6tigt wird. M\u00fcll wird getrennt und in den vorgesehenen Papierk\u00f6rben und M\u00fclltonnen entsorgt.<\/p>\n<p>Mit den <strong>M\u00f6beln<\/strong> und den <strong>Arbeitsmaterialien<\/strong> gehe ich <strong>sorgf\u00e4ltig<\/strong> um. Wenn ich etwas <strong>zerst\u00f6re<\/strong>, dann muss es <strong>ersetzt werden<\/strong>.<\/p>\n<p>Im Schulgeb\u00e4ude renne ich nicht und schubse niemanden.<\/p>\n<p><strong>Fundsachen<\/strong> gebe ich beim Hausmeister oder im Sekretariat ab.<\/p>\n<p>Nach Schulschluss melde ich mich bei der f\u00fcr mich zust\u00e4ndigen Aufsichtsperson ab und verlasse z\u00fcgig das Schulgel\u00e4nde durch den Hofeingang.<\/p>\n<p>Auf dem gesamten Schulgel\u00e4nde, einschlie\u00dflich des Schulgeb\u00e4udes und des Hortes, herrscht ein striktes <strong>Rauchverbot<\/strong>.<\/p>\n<p>Private technische Ger\u00e4te (Handys, Smartwatches, u.\u00e4.) der Sch\u00fclerInnen d\u00fcrfen w\u00e4hrend der gesamten Schul- und Hortzeit nicht benutzt werden und haben im Schulranzen zu verbleiben. Diese Ger\u00e4te sind lediglich f\u00fcr Notf\u00e4lle auf dem Schulweg einzusetzen. Alle anderen Notf\u00e4lle kl\u00e4rt die Schule. Zum Schutz vor Besch\u00e4digung o.\u00e4. werden die Klassenr\u00e4ume in den Pausen verschlossen.<\/p>\n<p>&nbsp;<\/p>\n<p><u>Regeln in der Klasse und im Klassenraum<\/u><\/p>\n<p>Ich bin <strong>sp\u00e4testens 10 Minuten <\/strong>vor Stundenbeginn im Klassenraum. Hier lege ich meine Arbeitsmaterialien (Federmappe, HA-Heft und Materialien f\u00fcr das Unterrichtsfach) ordentlich auf meinen Platz und gehe mit allen B\u00fcchern und\u00a0 Heften sorgf\u00e4ltig um.<\/p>\n<p>Bis zum Unterrichtsbeginn besch\u00e4ftige ich mich ruhig im Klassenzimmer.<\/p>\n<p>W\u00e4hrend des Unterrichts bin ich <strong>leise<\/strong>, wenn ich etwas sagen m\u00f6chte, <strong>melde <\/strong>ich mich. Ich <strong>tobe nicht<\/strong> in der Klasse herum.<\/p>\n<p><strong>Wertsachen, Spielzeug und Sammelkarten<\/strong> lasse ich grunds\u00e4tzlich zu Hause (ausgenommen zum Spieletag im Hort).<\/p>\n<p>Nach der jeweiligen letzten Unterrichtsstunde verlasse ich den <strong>Klassen- oder Fachraum<\/strong> in einem <strong>ordentlichen und sauberen Zustand<\/strong>, insbesondere stelle ich meinen Stuhl hoch, schlie\u00dfe die Fenster, achte darauf, dass das Licht ausgeschaltet wird und entsorge meinen M\u00fcll in die entsprechenden Beh\u00e4lter.<\/p>\n<p>Die Anweisungen des p\u00e4dagogischen und technischen Personals befolge ich umgehend.<\/p>\n<p>&nbsp;<\/p>\n<p><u>Regeln in der Pause<\/u><\/p>\n<p>Die <strong>Fr\u00fchst\u00fcckspause von 9.10 bis 9.20 Uhr <\/strong>wird unter Aufsicht des <strong>jeweiligen P\u00e4dagogen<\/strong> im Klassenzimmer durchgef\u00fchrt.<\/p>\n<p>Ich benutze mein Platzdeckchen, welches ich regelm\u00e4\u00dfig zur Reinigung mit nach Hause nehme.<\/p>\n<p>Zu den Hof<strong>pausen <\/strong>verlasse ich den Klassenraum z\u00fcgig, ohne zu rennen oder zu schreien und begebe mich \u00fcber den Ausgang zum Schulhof. Die <strong>Schultaschen verbleiben <\/strong>im eigenen <strong>Klassenraum<\/strong> am Platz.<\/p>\n<p>Wenn ich in eine <strong>Auseinandersetzung kommen sollte und ich diese <\/strong>nicht kl\u00e4ren kann, suche ich unverz\u00fcglich Hilfe bei der Aufsicht auf dem Hof. Auf dem Pausenhof achte ich auf andere Kinder, damit alle ungest\u00f6rt spielen k\u00f6nnen.<\/p>\n<p><strong>Fu\u00dfballspiele<\/strong> sind auf der Fl\u00e4che zwischen den Toren erlaubt.<\/p>\n<p>Ich werfe keine <strong>St\u00f6cke<\/strong>, <strong>Schneeb\u00e4lle<\/strong>, <strong>Steine<\/strong>, <strong>Sand u.\u00e4.<\/strong>, weil ich damit andere Personen verletzen oder Sachgegenst\u00e4nde besch\u00e4digen k\u00f6nnte.<\/p>\n<p>W\u00e4hrend der Schulzeit und in den Pausen <strong>verlasse<\/strong> ich das <strong>Schulgel\u00e4nde<\/strong> grunds\u00e4tzlich nicht. Ich <strong>sch\u00fctze <\/strong>und <strong>schone <\/strong>die Pflanzen auf unserem Schulgel\u00e4nde.<\/p>\n<p>Der Pausenbereich endet am Weg zum Haupteingang der Schule (siehe <a href=\"https:\/\/grundschule-suenna.de\/wp-content\/uploads\/2022\/12\/Hofplan.pdf\">Hofplan<\/a> f\u00fcr genauere Angaben).<\/p>\n<p>In den Regenpausen bleibe ich unter Aufsicht meines P\u00e4dagogen im Klassenzimmer (Regelungen zu 1. Greifen).<\/p>\n<p>&nbsp;<\/p>\n<p><u>Regeln am Schulbus<\/u><\/p>\n<p>Als Bus- oder Taxikind stelle ich meine Schultasche in Reihe am Schultor auf. Ich halte mich im oberen Bereich des Hofes auf und befolge die Anweisungen der Aufsicht. Das Springen \u00fcber die stehenden Schulranzen und Beutel ist aufgrund zu hoher Verletzungsgefahr untersagt.<\/p>\n<p>Bei Regen gehe ich als Bus- oder Taxikind mit der Aufsichtsperson gesammelt zur Bushaltestelle. Hier verhalte ich mich ruhig, verunreinige diesen Platz nicht und stelle mich ordentlich bei Ankunft des Busses an.<\/p>\n<p>Beim Ein- und Aussteigen dr\u00e4ngele und schubse ich niemanden.<\/p>\n<p>Im Bus halte ich mich an die geltenden Regeln und Anweisungen des Busfahrers.<\/p>\n<p>&nbsp;<\/p>\n<p><u>Unterrichtsbeginn und Unterricht<\/u><\/p>\n<p>Kinder, die im Fr\u00fchhort (ab 6.30 Uhr) angemeldet sind, betreten das Schulgeb\u00e4ude \u00fcber den Hofeingang.<\/p>\n<p>Die Fr\u00fchaufsicht vor dem Schulgeb\u00e4ude f\u00fcr alle nicht Fr\u00fchhortkinder, beginnt um 7.00 Uhr. Unter Aufsicht einer Lehrkraft halten sich die Sch\u00fcler im Gang vor dem Haupteingang der Schule auf.<\/p>\n<p>Bis dahin gelten die Regeln f\u00fcr den Schulweg.<\/p>\n<p>7.15 Uhr l\u00e4sst die Aufsicht die Sch\u00fcler \u00fcber den Hofeingang ins Geb\u00e4ude und beaufsichtigt die dann kommenden Sch\u00fcler bis 7.25 Uhr.<\/p>\n<p>Danach verschlie\u00dft sie die T\u00fcren. Zu sp\u00e4t kommende Sch\u00fcler m\u00fcssen im Sekretariat klingeln und ihre Versp\u00e4tung melden.<\/p>\n<p>Der Unterricht endet entweder um 11.10 Uhr oder 13.05 Uhr. (da greifen dann die Regelungen zu 2. und 3.)<\/p>\n<p>&nbsp;<\/p>\n<p><u>Allgemeine Erg\u00e4nzungen<\/u><\/p>\n<p>Eltern, die ihre Kinder bringen und abholen, warten vor dem Schulgel\u00e4nde. Aus Sicherheitsgr\u00fcnden werden die T\u00fcren ab 07.25 Uhr verschlossen.<\/p>\n<p>Elterngespr\u00e4che k\u00f6nnen vor dem Unterricht nicht gef\u00fchrt werden, es sei denn, sie sind angemeldet. Ansonsten vereinbaren die Eltern mit dem p\u00e4dagogischen Personal Gespr\u00e4chstermine.<\/p>\n<p>Das f\u00fcr den Unterricht notwendige Material ist mitzubringen. Geliehenes Material muss sorgf\u00e4ltig behandelt, p\u00fcnktlich zur\u00fcckgegeben und bei Besch\u00e4digung oder Verlust ersetzt werden.<\/p>\n<p>Fundgegenst\u00e4nde werden am Ende des Schuljahres noch einmal ausgelegt und bei Nichtabholung f\u00fcr einen guten Zweck gespendet.<\/p>\n<p>&nbsp;<\/p>\n<p><u>Krankheit\/zwingende Gr\u00fcnde<\/u><\/p>\n<p>Erkrankte Sch\u00fclerInnen sind am ersten Erkrankungstag bis 7.20 Uhr telefonisch oder per Mail zu entschuldigen. Ab dem elften Tag der Erkrankung ist ein \u00e4rztliches Attest vorzulegen.<\/p>\n<p>Eine H\u00e4ufung unentschuldigter Fehltage zieht rechtliche Konsequenzen nach sich.<\/p>\n<p>Kinder mit \u00fcbertragbaren Krankheiten, entsprechendem Verdacht oder mit L\u00e4usebefall d\u00fcrfen das Schulgel\u00e4nde nicht betreten.<\/p>\n<p>&nbsp;<\/p>\n<p><u>Sportbefreiung<\/u><\/p>\n<p>Vom Sportunterricht befreite Sch\u00fcler werden f\u00fcr die Dauer der Sportstunden in einer anderen Klasse betreut.<\/p>\n<p>&nbsp;<\/p>\n<p><u>Beurlaubung\/Freistellung<\/u><\/p>\n<p>Ein Sch\u00fcler kann nur in <strong>besonderen<\/strong> Ausnahmef\u00e4llen vom Schulbesuch beurlaubt werden. Die Beurlaubung muss rechtzeitig (mind. 2 Wochen vorher) schriftlich beantragt werden. Bis zu 3 Freistellungstagen entscheidet der Klassenleiter, ab 4 bis 15 Tagen sowie unmittelbar vor und nach Ferien genehmigt der Schulleiter. Der vers\u00e4umte Unterrichtsstoff ist eigenverantwortlich nachzuholen. L\u00e4ngere Freistellungszeitr\u00e4ume (ab 16 Tagen) darf nur das Schulamt genehmigen.<\/p>\n<p>&nbsp;<\/p>\n<p><u>Alarm<\/u><\/p>\n<p>Bei gef\u00e4hrlichen Situationen gilt der \u201eAlarmplan\u201c.<\/p>\n<p>&nbsp;<\/p>\n<p><u>Schlussbestimmungen<\/u><\/p>\n<p>Bei Verst\u00f6\u00dfen gegen die Haus- und Hofordnung wird der Sch\u00fcler oder das Hortkind bzw. dessen Erziehungsberechtigte zur Verantwortung gezogen. Dies kann in folgenden Formen geschehen:<\/p>\n<ul>\n<li>Erziehungsma\u00dfnahmen<\/li>\n<li>Ordnungsma\u00dfnahmen<\/li>\n<li>Schadensersatzanspr\u00fcchen<\/li>\n<\/ul>\n<p>Alle Sch\u00fcler und Hortkinder werden zu Beginn jedes Schulhalbjahres \u00fcber diese Festlegungen belehrt. F\u00fcr die Erziehungsberechtigten und Besucher erfolgt ein<br \/>\n\u00f6ffentlicher Aushang (Homepage).<\/p>\n<p>Das Hausrecht \u00fcbt der Schulleiter aus, in Abwesenheit der Schulleitung wird dieses auf den Stellvertreter oder Dienst\u00e4ltesten \u00fcbertragen. Schultr\u00e4ger ist das Landratsamt Wartburgkreis. Die Dienstaufsichtsbeh\u00f6rde des Lehrpersonals ist das TMBJS, Regionalstelle Westth\u00fcringen, Abteilung Grundschulen.<br \/>\nDer Besuch der Schule wird auf der Grundlage des Schulgesetzes f\u00fcr den Freistaat Th\u00fcringen vom 30.04.2003, zuletzt ge\u00e4ndert 01.08.2021, der Schulordnung f\u00fcr Grundschulen vom 18.09.2020 geregelt (in Beachtung aktueller \u00c4nderungen).<\/p>\n<p>Diese Hausordnung wurde am 21.09.22 in der Schulkonferenz<br \/>\nbeschlossen und trat am 22.09.22 in Kraft. Sie wird erg\u00e4nzt durch die Fachraumordnung Werken, die Sporthallenordnung, den Alarmplan sowie die Schulgartenordnung.<br \/>\nGrundlegende \u00c4nderungen sind nur mit Zustimmung der Schulkonferenz m\u00f6glich, in begr\u00fcndeten Ausnahmef\u00e4llen kann der Schulleiter eine Erg\u00e4nzung oder Aussetzung anweisen.<\/p>\n<p>&nbsp;<\/p>\n","protected":false},"excerpt":{"rendered":"<p>\u201eWo viele Menschen zusammen leben und lernen, muss es Regeln geben. So soll auch diese Hausordnung das Miteinander in unserer Schule regeln.\u201c &nbsp; Geltungsbereich: Sie gilt f\u00fcr Sch\u00fcler, Lehrer, Erzieher, Mitarbeiter, Nutzer und Besucher der Grundschule S\u00fcnna. Diese Hausordnung entfaltet &hellip; <a class=\"more-link\" href=\"https:\/\/grundschule-suenna.de\/?page_id=737\">Weiterlesen <span class=\"meta-nav\">&rarr;<\/span><\/a><\/p>\n","protected":false},"author":14,"featured_media":0,"parent":134,"menu_order":2,"comment_status":"closed","ping_status":"closed","template":"","meta":[],"_links":{"self":[{"href":"https:\/\/grundschule-suenna.de\/index.php?rest_route=\/wp\/v2\/pages\/737"}],"collection":[{"href":"https:\/\/grundschule-suenna.de\/index.php?rest_route=\/wp\/v2\/pages"}],"about":[{"href":"https:\/\/grundschule-suenna.de\/index.php?rest_route=\/wp\/v2\/types\/page"}],"author":[{"embeddable":true,"href":"https:\/\/grundschule-suenna.de\/index.php?rest_route=\/wp\/v2\/users\/14"}],"replies":[{"embeddable":true,"href":"https:\/\/grundschule-suenna.de\/index.php?rest_route=%2Fwp%2Fv2%2Fcomments&post=737"}],"version-history":[{"count":13,"href":"https:\/\/grundschule-suenna.de\/index.php?rest_route=\/wp\/v2\/pages\/737\/revisions"}],"predecessor-version":[{"id":2767,"href":"https:\/\/grundschule-suenna.de\/index.php?rest_route=\/wp\/v2\/pages\/737\/revisions\/2767"}],"up":[{"embeddable":true,"href":"https:\/\/grundschule-suenna.de\/index.php?rest_route=\/wp\/v2\/pages\/134"}],"wp:attachment":[{"href":"https:\/\/grundschule-suenna.de\/index.php?rest_route=%2Fwp%2Fv2%2Fmedia&parent=737"}],"curies":[{"name":"wp","href":"https:\/\/api.w.org\/{rel}","templated":true}]}}